{"id":527,"date":"2026-02-23T16:30:15","date_gmt":"2026-02-23T16:30:15","guid":{"rendered":"https:\/\/thecozyjournaltea.com\/?page_id=527"},"modified":"2026-03-15T10:00:17","modified_gmt":"2026-03-15T10:00:17","slug":"sobre-mi","status":"publish","type":"page","link":"https:\/\/thecozyjournaltea.com\/?page_id=527","title":{"rendered":"Sobre Mi"},"content":{"rendered":"\t\t<div data-elementor-type=\"wp-page\" data-elementor-id=\"527\" class=\"elementor elementor-527\" data-elementor-post-type=\"page\">\n\t\t\t\t<div class=\"elementor-element elementor-element-68f717aa e-flex e-con-boxed e-con e-parent\" data-id=\"68f717aa\" data-element_type=\"container\" data-settings=\"{&quot;background_background&quot;:&quot;classic&quot;}\">\n\t\t\t\t\t<div class=\"e-con-inner\">\n\t\t\t\t<div class=\"elementor-element elementor-element-768db14 elementor-widget elementor-widget-heading\" data-id=\"768db14\" data-element_type=\"widget\" data-widget_type=\"heading.default\">\n\t\t\t\t\t<h2 class=\"elementor-heading-title elementor-size-default\">Entre tazas de t\u00e9 y p\u00e1ginas en blanco<\/h2>\t\t\t\t<\/div>\n\t\t\t\t\t<\/div>\n\t\t\t\t<\/div>\n\t\t<div class=\"elementor-element elementor-element-1d440a3 e-con-full e-flex e-con e-parent\" data-id=\"1d440a3\" data-element_type=\"container\" data-settings=\"{&quot;background_background&quot;:&quot;classic&quot;}\">\n\t\t<div class=\"elementor-element elementor-element-d3eb2ef e-con-full e-flex e-con e-child\" data-id=\"d3eb2ef\" data-element_type=\"container\">\n\t\t<div class=\"elementor-element elementor-element-bb1a560 e-con-full e-flex e-con e-child\" data-id=\"bb1a560\" data-element_type=\"container\">\n\t\t\t\t<div class=\"elementor-element elementor-element-c6851b3 elementor-widget elementor-widget-heading\" data-id=\"c6851b3\" data-element_type=\"widget\" data-widget_type=\"heading.default\">\n\t\t\t\t\t<h2 class=\"elementor-heading-title elementor-size-default\">Hola! Soy Bian<\/h2>\t\t\t\t<\/div>\n\t\t\t\t<div class=\"elementor-element elementor-element-f952511 elementor-widget__width-initial elementor-widget elementor-widget-heading\" data-id=\"f952511\" data-element_type=\"widget\" data-widget_type=\"heading.default\">\n\t\t\t\t\t<h3 class=\"elementor-heading-title elementor-size-default\"><b>Ayudo a personas creativas (y a las que creen que no lo son) a encontrar orden en el caos a trav\u00e9s del papel.<\/b><\/h3>\t\t\t\t<\/div>\n\t\t<div class=\"elementor-element elementor-element-47ac948 e-grid e-con-full e-con e-child\" data-id=\"47ac948\" data-element_type=\"container\">\n\t\t\t\t<div class=\"elementor-element elementor-element-061b951 elementor-widget elementor-widget-heading\" data-id=\"061b951\" data-element_type=\"widget\" data-widget_type=\"heading.default\">\n\t\t\t\t\t<h3 class=\"elementor-heading-title elementor-size-default\">Durante mucho tiempo, mi mente se sent\u00eda agotada de tener que recordar TODO.  <br><br>\nTen\u00eda listas de tareas en el celu, notitas adhesivas perdidas y una sensaci\u00f3n constante de que, algo me estaba olvidando, algo me faltaba por hacer.  <br><br>\nIntent\u00e9 ser la persona de las mil apps de productividad, pero nada se sent\u00eda... real. <br><br>\n\nTodo cambi\u00f3 cuando me sent\u00e9 con una libreta, una microfibra y una taza de t\u00e9. Descubr\u00ed que el papel no solo guarda planes, sino que sostiene pensamientos<\/h3>\t\t\t\t<\/div>\n\t\t\t\t<div class=\"elementor-element elementor-element-b30f6a6 elementor-widget elementor-widget-image\" data-id=\"b30f6a6\" data-element_type=\"widget\" data-widget_type=\"image.default\">\n\t\t\t\t\t\t\t\t\t\t\t\t\t\t\t<img fetchpriority=\"high\" decoding=\"async\" width=\"768\" height=\"1024\" src=\"https:\/\/thecozyjournaltea.com\/wp-content\/uploads\/2026\/02\/IMG_6290-768x1024.jpeg\" class=\"attachment-large size-large wp-image-523\" alt=\"\" srcset=\"https:\/\/thecozyjournaltea.com\/wp-content\/uploads\/2026\/02\/IMG_6290-768x1024.jpeg 768w, https:\/\/thecozyjournaltea.com\/wp-content\/uploads\/2026\/02\/IMG_6290-225x300.jpeg 225w, https:\/\/thecozyjournaltea.com\/wp-content\/uploads\/2026\/02\/IMG_6290-1152x1536.jpeg 1152w, https:\/\/thecozyjournaltea.com\/wp-content\/uploads\/2026\/02\/IMG_6290-1536x2048.jpeg 1536w, https:\/\/thecozyjournaltea.com\/wp-content\/uploads\/2026\/02\/IMG_6290-scaled.jpeg 1920w\" sizes=\"(max-width: 768px) 100vw, 768px\" \/>\t\t\t\t\t\t\t\t\t\t\t\t\t\t\t<\/div>\n\t\t\t\t<\/div>\n\t\t\t\t<div class=\"elementor-element elementor-element-2c4972a elementor-widget__width-initial elementor-widget-tablet__width-initial elementor-widget elementor-widget-heading\" data-id=\"2c4972a\" data-element_type=\"widget\" data-widget_type=\"heading.default\">\n\t\t\t\t\t<h3 class=\"elementor-heading-title elementor-size-default\"><b>Si llegaste hasta aqu\u00ed, probablemente es porque  te dijeron  que existen dos tipos de personas: las organizadas y minimalistas, o las creativas y ca\u00f3ticas. Yo no creo en eso.<\/b><\/h3>\t\t\t\t<\/div>\n\t\t<div class=\"elementor-element elementor-element-af04480 e-grid e-con-full e-con e-child\" data-id=\"af04480\" data-element_type=\"container\">\n\t\t\t\t<div class=\"elementor-element elementor-element-f6cea81 elementor-widget elementor-widget-image\" data-id=\"f6cea81\" data-element_type=\"widget\" data-widget_type=\"image.default\">\n\t\t\t\t\t\t\t\t\t\t\t\t\t\t\t<img decoding=\"async\" width=\"768\" height=\"1024\" src=\"https:\/\/thecozyjournaltea.com\/wp-content\/uploads\/2026\/02\/IMG_3927-768x1024.jpg\" class=\"attachment-large size-large wp-image-537\" alt=\"\" srcset=\"https:\/\/thecozyjournaltea.com\/wp-content\/uploads\/2026\/02\/IMG_3927-768x1024.jpg 768w, https:\/\/thecozyjournaltea.com\/wp-content\/uploads\/2026\/02\/IMG_3927-225x300.jpg 225w, https:\/\/thecozyjournaltea.com\/wp-content\/uploads\/2026\/02\/IMG_3927-1152x1536.jpg 1152w, https:\/\/thecozyjournaltea.com\/wp-content\/uploads\/2026\/02\/IMG_3927-1536x2048.jpg 1536w, https:\/\/thecozyjournaltea.com\/wp-content\/uploads\/2026\/02\/IMG_3927-scaled.jpg 1920w\" sizes=\"(max-width: 768px) 100vw, 768px\" \/>\t\t\t\t\t\t\t\t\t\t\t\t\t\t\t<\/div>\n\t\t\t\t<div class=\"elementor-element elementor-element-66a2d19 elementor-widget elementor-widget-heading\" data-id=\"66a2d19\" data-element_type=\"widget\" data-widget_type=\"heading.default\">\n\t\t\t\t\t<h3 class=\"elementor-heading-title elementor-size-default\">En mi mundo, un mes puede ser una oda a la limpieza visual y las l\u00edneas perfectas, y el siguiente, una explosi\u00f3n de stickers, acuarelas y texturas. <br><br>Aprend\u00ed que nuestra organizaci\u00f3n debe adaptarse a nuestra energ\u00eda, no al rev\u00e9s.  <br><br>\nPor eso cre\u00e9 The Cozy Journal Tea: un espacio donde la prolijidad t\u00e9cnica se encuentra con la libertad creativa<\/h3>\t\t\t\t<\/div>\n\t\t\t\t<\/div>\n\t\t\t\t<\/div>\n\t\t\t\t<\/div>\n\t\t<div class=\"elementor-element elementor-element-082b02e e-con-full e-flex e-con e-child\" data-id=\"082b02e\" data-element_type=\"container\">\n\t\t<div class=\"elementor-element elementor-element-0058b1a e-con-full e-flex e-con e-child\" data-id=\"0058b1a\" data-element_type=\"container\">\n\t\t\t\t<div class=\"elementor-element elementor-element-b2e9fe8 elementor-widget elementor-widget-heading\" data-id=\"b2e9fe8\" data-element_type=\"widget\" data-widget_type=\"heading.default\">\n\t\t\t\t\t<h2 class=\"elementor-heading-title elementor-size-default\">Por qu\u00e9 confiar en m\u00ed?<\/h2>\t\t\t\t<\/div>\n\t\t\t\t<div class=\"elementor-element elementor-element-0cbfe83 elementor-widget__width-initial elementor-widget elementor-widget-heading\" data-id=\"0cbfe83\" data-element_type=\"widget\" data-widget_type=\"heading.default\">\n\t\t\t\t\t<h3 class=\"elementor-heading-title elementor-size-default\">A trav\u00e9s de mi diario personal (@biandiaries), empec\u00e9 a compartir mis rutinas y mi estilo de vida.  <br><br>\nPero pronto me di cuenta de que lo que mis seguidores buscaban no era solo ver mis p\u00e1ginas, sino entender el c\u00f3mo y el por qu\u00e9.\n <br><br>\n\nHoy, me dedico a desmitificar el Bullet Journa. Mi enfoque es pr\u00e1ctico, est\u00e9tico y, sobre todo, real. <br><br>No necesitas ser una artista de Instagram para tener una vida organizada; solo necesitas una gu\u00eda que hable tu idioma y entienda tus pausas<\/h3>\t\t\t\t<\/div>\n\t\t<div class=\"elementor-element elementor-element-9442c55 e-grid e-con-full e-con e-child\" data-id=\"9442c55\" data-element_type=\"container\">\n\t\t\t\t<div class=\"elementor-element elementor-element-ee72d74 elementor-widget elementor-widget-image\" data-id=\"ee72d74\" data-element_type=\"widget\" data-widget_type=\"image.default\">\n\t\t\t\t\t\t\t\t\t\t\t\t\t\t\t<img decoding=\"async\" width=\"768\" height=\"1024\" src=\"https:\/\/thecozyjournaltea.com\/wp-content\/uploads\/2026\/02\/IMG_6292-768x1024.jpeg\" class=\"attachment-large size-large wp-image-538\" alt=\"\" srcset=\"https:\/\/thecozyjournaltea.com\/wp-content\/uploads\/2026\/02\/IMG_6292-768x1024.jpeg 768w, https:\/\/thecozyjournaltea.com\/wp-content\/uploads\/2026\/02\/IMG_6292-225x300.jpeg 225w, https:\/\/thecozyjournaltea.com\/wp-content\/uploads\/2026\/02\/IMG_6292-1152x1536.jpeg 1152w, https:\/\/thecozyjournaltea.com\/wp-content\/uploads\/2026\/02\/IMG_6292-1536x2048.jpeg 1536w, https:\/\/thecozyjournaltea.com\/wp-content\/uploads\/2026\/02\/IMG_6292-scaled.jpeg 1920w\" sizes=\"(max-width: 768px) 100vw, 768px\" \/>\t\t\t\t\t\t\t\t\t\t\t\t\t\t\t<\/div>\n\t\t\t\t<\/div>\n\t\t\t\t<\/div>\n\t\t\t\t<div class=\"elementor-element elementor-element-fd8f0a2 elementor-widget elementor-widget-heading\" data-id=\"fd8f0a2\" data-element_type=\"widget\" data-widget_type=\"heading.default\">\n\t\t\t\t\t<h2 class=\"elementor-heading-title elementor-size-default\">Mi invitaci\u00f3n para vos...<\/h2>\t\t\t\t<\/div>\n\t\t\t\t<div class=\"elementor-element elementor-element-db913fa elementor-widget__width-initial elementor-widget elementor-widget-heading\" data-id=\"db913fa\" data-element_type=\"widget\" data-widget_type=\"heading.default\">\n\t\t\t\t\t<h3 class=\"elementor-heading-title elementor-size-default\">No importa si buscas maximizar tu productividad o si solo necesitas un refugio creativo al final del d\u00eda. Aqu\u00ed encontrar\u00e1s las herramientas, la inspiraci\u00f3n y, por supuesto, la excusa perfecta para servirte un t\u00e9 y empezar a escribir.<\/h3>\t\t\t\t<\/div>\n\t\t\t\t<div class=\"elementor-element elementor-element-9483919 elementor-widget__width-initial elementor-widget-tablet__width-initial elementor-widget elementor-widget-heading\" data-id=\"9483919\" data-element_type=\"widget\" data-widget_type=\"heading.default\">\n\t\t\t\t\t<h3 class=\"elementor-heading-title elementor-size-default\"><b><i>\u00bfEmpezamos a llenar esas p\u00e1ginas juntas?<\/i><\/b><\/h3>\t\t\t\t<\/div>\n\t\t\t\t<\/div>\n\t\t\t\t<\/div>\n\t\t\t\t<\/div>\n\t\t","protected":false},"excerpt":{"rendered":"<p>Entre tazas de t\u00e9 y p\u00e1ginas en blanco Hola! Soy Bian Ayudo a personas creativas (y a las que creen [&hellip;]<\/p>\n","protected":false},"author":1,"featured_media":0,"parent":0,"menu_order":0,"comment_status":"closed","ping_status":"closed","template":"elementor_header_footer","meta":{"site-sidebar-layout":"no-sidebar","site-content-layout":"","ast-site-content-layout":"full-width-container","site-content-style":"default","site-sidebar-style":"default","ast-global-header-display":"","ast-banner-title-visibility":"","ast-main-header-display":"","ast-hfb-above-header-display":"","ast-hfb-below-header-display":"","ast-hfb-mobile-header-display":"","site-post-title":"","ast-breadcrumbs-content":"","ast-featured-img":"disabled","footer-sml-layout":"","theme-transparent-header-meta":"","adv-header-id-meta":"","stick-header-meta":"","header-above-stick-meta":"","header-main-stick-meta":"","header-below-stick-meta":"","astra-migrate-meta-layouts":"default","ast-page-background-enabled":"default","ast-page-background-meta":{"desktop":{"background-color":"var(--ast-global-color-5)","background-image":"","background-repeat":"repeat","background-position":"center center","background-size":"auto","background-attachment":"scroll","background-type":"","background-media":"","overlay-type":"","overlay-color":"","overlay-opacity":"","overlay-gradient":""},"tablet":{"background-color":"","background-image":"","background-repeat":"repeat","background-position":"center center","background-size":"auto","background-attachment":"scroll","background-type":"","background-media":"","overlay-type":"","overlay-color":"","overlay-opacity":"","overlay-gradient":""},"mobile":{"background-color":"","background-image":"","background-repeat":"repeat","background-position":"center center","background-size":"auto","background-attachment":"scroll","background-type":"","background-media":"","overlay-type":"","overlay-color":"","overlay-opacity":"","overlay-gradient":""}},"ast-content-background-meta":{"desktop":{"background-color":"var(--ast-global-color-4)","background-image":"","background-repeat":"repeat","background-position":"center center","background-size":"auto","background-attachment":"scroll","background-type":"","background-media":"","overlay-type":"","overlay-color":"","overlay-opacity":"","overlay-gradient":""},"tablet":{"background-color":"var(--ast-global-color-4)","background-image":"","background-repeat":"repeat","background-position":"center center","background-size":"auto","background-attachment":"scroll","background-type":"","background-media":"","overlay-type":"","overlay-color":"","overlay-opacity":"","overlay-gradient":""},"mobile":{"background-color":"var(--ast-global-color-4)","background-image":"","background-repeat":"repeat","background-position":"center center","background-size":"auto","background-attachment":"scroll","background-type":"","background-media":"","overlay-type":"","overlay-color":"","overlay-opacity":"","overlay-gradient":""}},"footnotes":""},"class_list":["post-527","page","type-page","status-publish","hentry"],"_links":{"self":[{"href":"https:\/\/thecozyjournaltea.com\/index.php?rest_route=\/wp\/v2\/pages\/527","targetHints":{"allow":["GET"]}}],"collection":[{"href":"https:\/\/thecozyjournaltea.com\/index.php?rest_route=\/wp\/v2\/pages"}],"about":[{"href":"https:\/\/thecozyjournaltea.com\/index.php?rest_route=\/wp\/v2\/types\/page"}],"author":[{"embeddable":true,"href":"https:\/\/thecozyjournaltea.com\/index.php?rest_route=\/wp\/v2\/users\/1"}],"replies":[{"embeddable":true,"href":"https:\/\/thecozyjournaltea.com\/index.php?rest_route=%2Fwp%2Fv2%2Fcomments&post=527"}],"version-history":[{"count":19,"href":"https:\/\/thecozyjournaltea.com\/index.php?rest_route=\/wp\/v2\/pages\/527\/revisions"}],"predecessor-version":[{"id":656,"href":"https:\/\/thecozyjournaltea.com\/index.php?rest_route=\/wp\/v2\/pages\/527\/revisions\/656"}],"wp:attachment":[{"href":"https:\/\/thecozyjournaltea.com\/index.php?rest_route=%2Fwp%2Fv2%2Fmedia&parent=527"}],"curies":[{"name":"wp","href":"https:\/\/api.w.org\/{rel}","templated":true}]}}